{"id":10,"date":"2022-04-19T17:20:01","date_gmt":"2022-04-19T14:20:01","guid":{"rendered":"http:\/\/telvel.eu\/est\/index\/"},"modified":"2022-05-04T12:13:33","modified_gmt":"2022-05-04T09:13:33","slug":"index","status":"publish","type":"page","link":"https:\/\/telvel.eu\/est\/","title":{"rendered":"Peamine"},"content":{"rendered":"<section class=\"b-about\">\n<div class=\"b-container\">\n<h2 class=\"b-title\">ETTEV\u00d5TTEST<\/h2>\n<blockquote class=\"b-title _align_left\"><p>Meie missioon on rajada terve, tugev ja j\u00e4tkusuutlik ettev\u00f5te.<\/p><\/blockquote>\n<p class=\"b-big _align_right\">Meie eesm\u00e4rk on disaini ja tehnoloogia t\u00e4iustamine.<\/p>\n<blockquote class=\"b-lined _align_right\"><p>Meie prioriteedid on klientide usaldus ja partnerkohustuste t\u00e4itmine.<\/p><\/blockquote>\n<\/div>\n<\/section>\n<section class=\"b-world-net\">\n<div class=\"b-container\">\n<h2 class=\"b-title\">GEOGRAAFIA<\/h2>\n<div class=\"b-sub-title\">\n<p><strong>TELVEL<\/strong> <strong>GROUP<\/strong> <strong>O<\/strong><strong>\u00dc<\/strong><\/p>\n<p>Harju county, Kesklinna district,<\/p>\n<p>Vesiv\u00e4rava st. 50-201,<\/p>\n<p>10126 Tallinn, Estonia<\/p>\n<p>&nbsp;<\/p>\n<\/div>\n<\/div>\n<div class=\"b-year-block\"><\/div>\n<\/section>\n","protected":false},"excerpt":{"rendered":"<p>ETTEV\u00d5TTEST Meie missioon on rajada terve, tugev ja j\u00e4tkusuutlik ettev\u00f5te. Meie eesm\u00e4rk on disaini ja tehnoloogia t\u00e4iustamine. Meie prioriteedid on klientide usaldus ja partnerkohustuste t\u00e4itmine. GEOGRAAFIA TELVEL GROUP O\u00dc Harju county, Kesklinna district, Vesiv\u00e4rava st. 50-201, 10126 Tallinn, Estonia &nbsp;<\/p>\n","protected":false},"author":1,"featured_media":0,"parent":0,"menu_order":0,"comment_status":"closed","ping_status":"closed","template":"","meta":[],"acf":[],"_links":{"self":[{"href":"https:\/\/telvel.eu\/est\/wp-json\/wp\/v2\/pages\/10"}],"collection":[{"href":"https:\/\/telvel.eu\/est\/wp-json\/wp\/v2\/pages"}],"about":[{"href":"https:\/\/telvel.eu\/est\/wp-json\/wp\/v2\/types\/page"}],"author":[{"embeddable":true,"href":"https:\/\/telvel.eu\/est\/wp-json\/wp\/v2\/users\/1"}],"replies":[{"embeddable":true,"href":"https:\/\/telvel.eu\/est\/wp-json\/wp\/v2\/comments?post=10"}],"version-history":[{"count":6,"href":"https:\/\/telvel.eu\/est\/wp-json\/wp\/v2\/pages\/10\/revisions"}],"predecessor-version":[{"id":365,"href":"https:\/\/telvel.eu\/est\/wp-json\/wp\/v2\/pages\/10\/revisions\/365"}],"wp:attachment":[{"href":"https:\/\/telvel.eu\/est\/wp-json\/wp\/v2\/media?parent=10"}],"curies":[{"name":"wp","href":"https:\/\/api.w.org\/{rel}","templated":true}]}}