{"id":11,"date":"2022-04-19T17:20:16","date_gmt":"2022-04-19T14:20:16","guid":{"rendered":"http:\/\/telvel.eu\/est\/primum\/"},"modified":"2022-05-04T11:33:13","modified_gmt":"2022-05-04T08:33:13","slug":"primum","status":"publish","type":"page","link":"https:\/\/telvel.eu\/est\/businesses\/primum\/","title":{"rendered":"Kollektsioon PRIMUM"},"content":{"rendered":"<p><img decoding=\"async\" loading=\"lazy\" class=\"alignleft size-medium wp-image-292\" src=\"https:\/\/telvel.eu\/est\/wp-content\/uploads\/sites\/5\/2022\/04\/photo_2022-04-26-17.52.43-300x276.jpeg\" alt=\"\" width=\"300\" height=\"276\" srcset=\"https:\/\/telvel.eu\/est\/wp-content\/uploads\/sites\/5\/2022\/04\/photo_2022-04-26-17.52.43-300x276.jpeg 300w, https:\/\/telvel.eu\/est\/wp-content\/uploads\/sites\/5\/2022\/04\/photo_2022-04-26-17.52.43-768x707.jpeg 768w, https:\/\/telvel.eu\/est\/wp-content\/uploads\/sites\/5\/2022\/04\/photo_2022-04-26-17.52.43-1024x942.jpeg 1024w, https:\/\/telvel.eu\/est\/wp-content\/uploads\/sites\/5\/2022\/04\/photo_2022-04-26-17.52.43.jpeg 1130w\" sizes=\"(max-width: 300px) 100vw, 300px\" \/>Meie ettev\u00f5ttel on hea meel pakkuda teile uut luksusliku moodsa\u00a0 disainiga mitmeotstabelist toodet \u2013 mudelit PRIMUM<\/p>\n<ul>\n<li>Nii eluruumidesse kui vannitubadesse<\/li>\n<li>Kompaktne<\/li>\n<li>Looduss\u00f5bralikust materjalist<\/li>\n<li>V\u00e4ike energiakulu<\/li>\n<li>Sensortaimer<\/li>\n<li>Kiire soojenemine<\/li>\n<\/ul>\n<p>T\u00e4nu disainilahendusele ja insenerim\u00f5ttele sai tavalisest asjast unikaalne toode.<\/p>\n<p><a href=\"https:\/\/telvel.eu\/est\/primum\/\">Kollektsioon PRIMUM<\/a><\/p>\n<p>&nbsp;<\/p>\n","protected":false},"excerpt":{"rendered":"<p>Meie ettev\u00f5ttel on hea meel pakkuda teile uut luksusliku moodsa\u00a0 disainiga mitmeotstabelist toodet \u2013 mudelit PRIMUM Nii eluruumidesse kui vannitubadesse Kompaktne Looduss\u00f5bralikust materjalist V\u00e4ike energiakulu Sensortaimer Kiire soojenemine T\u00e4nu disainilahendusele ja insenerim\u00f5ttele sai tavalisest asjast unikaalne toode. Kollektsioon PRIMUM &nbsp;<\/p>\n","protected":false},"author":1,"featured_media":0,"parent":7,"menu_order":0,"comment_status":"closed","ping_status":"closed","template":"","meta":[],"acf":[],"_links":{"self":[{"href":"https:\/\/telvel.eu\/est\/wp-json\/wp\/v2\/pages\/11"}],"collection":[{"href":"https:\/\/telvel.eu\/est\/wp-json\/wp\/v2\/pages"}],"about":[{"href":"https:\/\/telvel.eu\/est\/wp-json\/wp\/v2\/types\/page"}],"author":[{"embeddable":true,"href":"https:\/\/telvel.eu\/est\/wp-json\/wp\/v2\/users\/1"}],"replies":[{"embeddable":true,"href":"https:\/\/telvel.eu\/est\/wp-json\/wp\/v2\/comments?post=11"}],"version-history":[{"count":9,"href":"https:\/\/telvel.eu\/est\/wp-json\/wp\/v2\/pages\/11\/revisions"}],"predecessor-version":[{"id":313,"href":"https:\/\/telvel.eu\/est\/wp-json\/wp\/v2\/pages\/11\/revisions\/313"}],"up":[{"embeddable":true,"href":"https:\/\/telvel.eu\/est\/wp-json\/wp\/v2\/pages\/7"}],"wp:attachment":[{"href":"https:\/\/telvel.eu\/est\/wp-json\/wp\/v2\/media?parent=11"}],"curies":[{"name":"wp","href":"https:\/\/api.w.org\/{rel}","templated":true}]}}