{"id":14,"date":"2022-04-19T17:20:31","date_gmt":"2022-04-19T14:20:31","guid":{"rendered":"http:\/\/telvel.eu\/est\/ooo-baltik-inoks\/"},"modified":"2022-05-04T11:53:19","modified_gmt":"2022-05-04T08:53:19","slug":"titan","status":"publish","type":"page","link":"https:\/\/telvel.eu\/est\/businesses\/titan\/","title":{"rendered":"Kollektsioon k\u00e4ter\u00e4tikuivatajad TITAN"},"content":{"rendered":"<p><img decoding=\"async\" loading=\"lazy\" class=\"alignleft size-medium wp-image-248\" src=\"https:\/\/telvel.eu\/est\/wp-content\/uploads\/sites\/5\/2017\/06\/3-300x231.jpg\" alt=\"\" width=\"300\" height=\"231\" srcset=\"https:\/\/telvel.eu\/est\/wp-content\/uploads\/sites\/5\/2017\/06\/3-300x231.jpg 300w, https:\/\/telvel.eu\/est\/wp-content\/uploads\/sites\/5\/2017\/06\/3-768x591.jpg 768w, https:\/\/telvel.eu\/est\/wp-content\/uploads\/sites\/5\/2017\/06\/3-1024x787.jpg 1024w\" sizes=\"(max-width: 300px) 100vw, 300px\" \/>TITAN \u2013 see on t\u00f6\u00f6kindlus ja keskkonnas\u00f5bralikkus<\/p>\n<p>Tootesari \u00a0TITAN koosneb \u00a0kahest mudelist #1 ja \u00a0#2, mis erinevad \u00fcksteisest titanist vahejuppide\u00a0 poolest.<\/p>\n<p>TITAN satja k\u00e4ter\u00e4tikuivatajate peamised plussid:<\/p>\n<ul>\n<li>p\u00f6\u00f6rlemine 180 kraadi<\/li>\n<li>kompaktsus<\/li>\n<li>valmistatud keskkonnas\u00f5bralikest materjalidest<\/li>\n<li>v\u00e4ike energiakulu<\/li>\n<\/ul>\n<p><a href=\"https:\/\/telvel.eu\/est\/titan\/\">Kollektsioon\u00a0TITAN<\/a><\/p>\n","protected":false},"excerpt":{"rendered":"<p>TITAN \u2013 see on t\u00f6\u00f6kindlus ja keskkonnas\u00f5bralikkus Tootesari \u00a0TITAN koosneb \u00a0kahest mudelist #1 ja \u00a0#2, mis erinevad \u00fcksteisest titanist vahejuppide\u00a0 poolest. TITAN satja k\u00e4ter\u00e4tikuivatajate peamised plussid: p\u00f6\u00f6rlemine 180 kraadi kompaktsus valmistatud keskkonnas\u00f5bralikest materjalidest v\u00e4ike energiakulu Kollektsioon\u00a0TITAN<\/p>\n","protected":false},"author":1,"featured_media":0,"parent":7,"menu_order":0,"comment_status":"closed","ping_status":"closed","template":"","meta":[],"acf":[],"_links":{"self":[{"href":"https:\/\/telvel.eu\/est\/wp-json\/wp\/v2\/pages\/14"}],"collection":[{"href":"https:\/\/telvel.eu\/est\/wp-json\/wp\/v2\/pages"}],"about":[{"href":"https:\/\/telvel.eu\/est\/wp-json\/wp\/v2\/types\/page"}],"author":[{"embeddable":true,"href":"https:\/\/telvel.eu\/est\/wp-json\/wp\/v2\/users\/1"}],"replies":[{"embeddable":true,"href":"https:\/\/telvel.eu\/est\/wp-json\/wp\/v2\/comments?post=14"}],"version-history":[{"count":6,"href":"https:\/\/telvel.eu\/est\/wp-json\/wp\/v2\/pages\/14\/revisions"}],"predecessor-version":[{"id":329,"href":"https:\/\/telvel.eu\/est\/wp-json\/wp\/v2\/pages\/14\/revisions\/329"}],"up":[{"embeddable":true,"href":"https:\/\/telvel.eu\/est\/wp-json\/wp\/v2\/pages\/7"}],"wp:attachment":[{"href":"https:\/\/telvel.eu\/est\/wp-json\/wp\/v2\/media?parent=14"}],"curies":[{"name":"wp","href":"https:\/\/api.w.org\/{rel}","templated":true}]}}