{"id":8,"date":"2022-04-19T17:19:10","date_gmt":"2022-04-19T14:19:10","guid":{"rendered":"http:\/\/telvel.eu\/est\/about\/"},"modified":"2022-04-19T20:29:46","modified_gmt":"2022-04-19T17:29:46","slug":"about","status":"publish","type":"page","link":"https:\/\/telvel.eu\/est\/about\/","title":{"rendered":"Meist"},"content":{"rendered":"<p>Ettev\u00f5te O\u00dc Telvel Group \u00a0on roostevabast terasest k\u00e4ter\u00e4tikuivatajate tootja ja m\u00fc\u00fcja Eestis.<\/p>\n<p>Alustasime t\u00f6\u00f6d 2016. aastal. Pakume turule t\u00f6\u00f6kindlaid ja keskkonnas\u00f5bralikke tooteid, mis loovad meie kodudes soojuse ja hubasuse.<\/p>\n<p>&nbsp;<\/p>\n","protected":false},"excerpt":{"rendered":"<p>Ettev\u00f5te O\u00dc Telvel Group \u00a0on roostevabast terasest k\u00e4ter\u00e4tikuivatajate tootja ja m\u00fc\u00fcja Eestis. Alustasime t\u00f6\u00f6d 2016. aastal. Pakume turule t\u00f6\u00f6kindlaid ja keskkonnas\u00f5bralikke tooteid, mis loovad meie kodudes soojuse ja hubasuse. &nbsp;<\/p>\n","protected":false},"author":1,"featured_media":0,"parent":0,"menu_order":0,"comment_status":"closed","ping_status":"closed","template":"","meta":[],"acf":[],"_links":{"self":[{"href":"https:\/\/telvel.eu\/est\/wp-json\/wp\/v2\/pages\/8"}],"collection":[{"href":"https:\/\/telvel.eu\/est\/wp-json\/wp\/v2\/pages"}],"about":[{"href":"https:\/\/telvel.eu\/est\/wp-json\/wp\/v2\/types\/page"}],"author":[{"embeddable":true,"href":"https:\/\/telvel.eu\/est\/wp-json\/wp\/v2\/users\/1"}],"replies":[{"embeddable":true,"href":"https:\/\/telvel.eu\/est\/wp-json\/wp\/v2\/comments?post=8"}],"version-history":[{"count":2,"href":"https:\/\/telvel.eu\/est\/wp-json\/wp\/v2\/pages\/8\/revisions"}],"predecessor-version":[{"id":269,"href":"https:\/\/telvel.eu\/est\/wp-json\/wp\/v2\/pages\/8\/revisions\/269"}],"wp:attachment":[{"href":"https:\/\/telvel.eu\/est\/wp-json\/wp\/v2\/media?parent=8"}],"curies":[{"name":"wp","href":"https:\/\/api.w.org\/{rel}","templated":true}]}}